{"id":49,"date":"2025-02-03T12:25:14","date_gmt":"2025-02-03T12:25:14","guid":{"rendered":"https:\/\/hanoverhouse.org\/?page_id=49"},"modified":"2025-02-03T12:25:16","modified_gmt":"2025-02-03T12:25:16","slug":"contacts","status":"publish","type":"page","link":"https:\/\/hanoverhouse.org\/ro\/contacts\/","title":{"rendered":"Contacte"},"content":{"rendered":"<h2>Trimite\u021bi-ne un e-mail<\/h2>\n<p>Dac\u0103 ave\u021bi \u00eentreb\u0103ri, sugestii sau feedback, v\u0103 rug\u0103m s\u0103 ne trimite\u021bi un e-mail la adresa <a href=\"mailto:contact@hanoverhouse.org\">contact@hanoverhouse.org<\/a>Vom fi bucuro\u0219i s\u0103 v\u0103 r\u0103spundem c\u00e2t mai cur\u00e2nd posibil.<\/p>\n<h2>Formular de contact<\/h2>\n<form action=\"mailto:contact@hanoverhouse.org\" method=\"post\" enctype=\"text\/plain\" data-trp-original-action=\"mailto:contact@hanoverhouse.org\">\n            <label for=\"name\">Nume:<\/label><br \/>\n            <input type=\"text\" id=\"name\" name=\"name\" required><\/p>\n<p>            <label for=\"email\">E-mail:<\/label><br \/>\n            <input type=\"email\" id=\"email\" name=\"email\" required><\/p>\n<p>            <label for=\"message\">Mesaj:<\/label><br \/>\n            <textarea id=\"message\" name=\"message\" rows=\"4\" required><\/textarea><\/p>\n<p>            <input type=\"submit\" value=\"Trimite\"><br \/>\n        <input type=\"hidden\" name=\"trp-form-language\" value=\"ro\"\/><\/form>","protected":false},"excerpt":{"rendered":"<p>Envoyez-nous un e-mail Si vous avez des questions, des suggestions ou des retours, veuillez nous envoyer un e-mail \u00e0 contact@hanoverhouse.org. Nous serons heureux de vous r\u00e9pondre&#46;&#46;&#46;<\/p>","protected":false},"author":1,"featured_media":0,"parent":0,"menu_order":0,"comment_status":"closed","ping_status":"closed","template":"","meta":{"_acf_changed":false,"footnotes":""},"class_list":["post-49","page","type-page","status-publish","hentry"],"acf":[],"yoast_head":"<!-- This site is optimized with the Yoast SEO plugin v23.2 - https:\/\/yoast.com\/wordpress\/plugins\/seo\/ -->\n<title>Contacts - hanoverhouse.org<\/title>\n<meta name=\"description\" content=\"Contactez HanoverHouse pour toute question ou suggestion sur notre blog de mode et v\u00eatements. Nous sommes l\u00e0 pour vous aider!\" \/>\n<meta name=\"robots\" content=\"index, follow, max-snippet:-1, max-image-preview:large, max-video-preview:-1\" \/>\n<link rel=\"canonical\" href=\"https:\/\/hanoverhouse.org\/ro\/contacts\/\" \/>\n<meta property=\"og:locale\" content=\"ro_RO\" \/>\n<meta property=\"og:type\" content=\"article\" \/>\n<meta property=\"og:title\" content=\"Contacts - hanoverhouse.org\" \/>\n<meta property=\"og:description\" content=\"Contactez HanoverHouse pour toute question ou suggestion sur notre blog de mode et v\u00eatements. Nous sommes l\u00e0 pour vous aider!\" \/>\n<meta property=\"og:url\" content=\"https:\/\/hanoverhouse.org\/ro\/contacts\/\" \/>\n<meta property=\"og:site_name\" content=\"hanoverhouse.org\" \/>\n<meta property=\"article:modified_time\" content=\"2025-02-03T12:25:16+00:00\" \/>\n<meta name=\"twitter:card\" content=\"summary_large_image\" \/>\n<meta name=\"twitter:label1\" content=\"Timp estimat pentru citire\" \/>\n\t<meta name=\"twitter:data1\" content=\"1 minut\" \/>\n<script type=\"application\/ld+json\" class=\"yoast-schema-graph\">{\"@context\":\"https:\/\/schema.org\",\"@graph\":[{\"@type\":\"WebPage\",\"@id\":\"https:\/\/hanoverhouse.org\/contacts\/\",\"url\":\"https:\/\/hanoverhouse.org\/contacts\/\",\"name\":\"Contacts - hanoverhouse.org\",\"isPartOf\":{\"@id\":\"https:\/\/hanoverhouse.org\/#website\"},\"datePublished\":\"2025-02-03T12:25:14+00:00\",\"dateModified\":\"2025-02-03T12:25:16+00:00\",\"description\":\"Contactez HanoverHouse pour toute question ou suggestion sur notre blog de mode et v\u00eatements. Nous sommes l\u00e0 pour vous aider!\",\"breadcrumb\":{\"@id\":\"https:\/\/hanoverhouse.org\/contacts\/#breadcrumb\"},\"inLanguage\":\"ro-RO\",\"potentialAction\":[{\"@type\":\"ReadAction\",\"target\":[\"https:\/\/hanoverhouse.org\/contacts\/\"]}]},{\"@type\":\"BreadcrumbList\",\"@id\":\"https:\/\/hanoverhouse.org\/contacts\/#breadcrumb\",\"itemListElement\":[{\"@type\":\"ListItem\",\"position\":1,\"name\":\"Home\",\"item\":\"https:\/\/hanoverhouse.org\/\"},{\"@type\":\"ListItem\",\"position\":2,\"name\":\"Contacts\"}]},{\"@type\":\"WebSite\",\"@id\":\"https:\/\/hanoverhouse.org\/#website\",\"url\":\"https:\/\/hanoverhouse.org\/\",\"name\":\"hanoverhouse.org\",\"description\":\"Explorez les derni\u00e8res tendances mode, conseils de style et inspirations pour chaque saison.\",\"potentialAction\":[{\"@type\":\"SearchAction\",\"target\":{\"@type\":\"EntryPoint\",\"urlTemplate\":\"https:\/\/hanoverhouse.org\/?s={search_term_string}\"},\"query-input\":\"required name=search_term_string\"}],\"inLanguage\":\"ro-RO\"}]}<\/script>\n<!-- \/ Yoast SEO plugin. -->","yoast_head_json":{"title":"Contacts - hanoverhouse.org","description":"Contactez HanoverHouse pour toute question ou suggestion sur notre blog de mode et v\u00eatements. Nous sommes l\u00e0 pour vous aider!","robots":{"index":"index","follow":"follow","max-snippet":"max-snippet:-1","max-image-preview":"max-image-preview:large","max-video-preview":"max-video-preview:-1"},"canonical":"https:\/\/hanoverhouse.org\/ro\/contacts\/","og_locale":"ro_RO","og_type":"article","og_title":"Contacts - hanoverhouse.org","og_description":"Contactez HanoverHouse pour toute question ou suggestion sur notre blog de mode et v\u00eatements. Nous sommes l\u00e0 pour vous aider!","og_url":"https:\/\/hanoverhouse.org\/ro\/contacts\/","og_site_name":"hanoverhouse.org","article_modified_time":"2025-02-03T12:25:16+00:00","twitter_card":"summary_large_image","twitter_misc":{"Timp estimat pentru citire":"1 minut"},"schema":{"@context":"https:\/\/schema.org","@graph":[{"@type":"WebPage","@id":"https:\/\/hanoverhouse.org\/contacts\/","url":"https:\/\/hanoverhouse.org\/contacts\/","name":"Contacts - hanoverhouse.org","isPartOf":{"@id":"https:\/\/hanoverhouse.org\/#website"},"datePublished":"2025-02-03T12:25:14+00:00","dateModified":"2025-02-03T12:25:16+00:00","description":"Contactez HanoverHouse pour toute question ou suggestion sur notre blog de mode et v\u00eatements. Nous sommes l\u00e0 pour vous aider!","breadcrumb":{"@id":"https:\/\/hanoverhouse.org\/contacts\/#breadcrumb"},"inLanguage":"ro-RO","potentialAction":[{"@type":"ReadAction","target":["https:\/\/hanoverhouse.org\/contacts\/"]}]},{"@type":"BreadcrumbList","@id":"https:\/\/hanoverhouse.org\/contacts\/#breadcrumb","itemListElement":[{"@type":"ListItem","position":1,"name":"Home","item":"https:\/\/hanoverhouse.org\/"},{"@type":"ListItem","position":2,"name":"Contacts"}]},{"@type":"WebSite","@id":"https:\/\/hanoverhouse.org\/#website","url":"https:\/\/hanoverhouse.org\/","name":"hanoverhouse.org","description":"Explorez les derni\u00e8res tendances mode, conseils de style et inspirations pour chaque saison.","potentialAction":[{"@type":"SearchAction","target":{"@type":"EntryPoint","urlTemplate":"https:\/\/hanoverhouse.org\/?s={search_term_string}"},"query-input":"required name=search_term_string"}],"inLanguage":"ro-RO"}]}},"yoast_meta":{"yoast_wpseo_title":"","yoast_wpseo_metadesc":"","yoast_wpseo_canonical":"https:\/\/hanoverhouse.org\/ro\/wp-json\/wp\/v2\/pages\/49"},"_links":{"self":[{"href":"https:\/\/hanoverhouse.org\/ro\/wp-json\/wp\/v2\/pages\/49","targetHints":{"allow":["GET"]}}],"collection":[{"href":"https:\/\/hanoverhouse.org\/ro\/wp-json\/wp\/v2\/pages"}],"about":[{"href":"https:\/\/hanoverhouse.org\/ro\/wp-json\/wp\/v2\/types\/page"}],"author":[{"embeddable":true,"href":"https:\/\/hanoverhouse.org\/ro\/wp-json\/wp\/v2\/users\/1"}],"replies":[{"embeddable":true,"href":"https:\/\/hanoverhouse.org\/ro\/wp-json\/wp\/v2\/comments?post=49"}],"version-history":[{"count":1,"href":"https:\/\/hanoverhouse.org\/ro\/wp-json\/wp\/v2\/pages\/49\/revisions"}],"predecessor-version":[{"id":53,"href":"https:\/\/hanoverhouse.org\/ro\/wp-json\/wp\/v2\/pages\/49\/revisions\/53"}],"wp:attachment":[{"href":"https:\/\/hanoverhouse.org\/ro\/wp-json\/wp\/v2\/media?parent=49"}],"curies":[{"name":"wp","href":"https:\/\/api.w.org\/{rel}","templated":true}]}}