{"id":50,"date":"2025-02-03T12:23:37","date_gmt":"2025-02-03T12:23:37","guid":{"rendered":"https:\/\/hanoverhouse.org\/?page_id=50"},"modified":"2025-02-03T12:23:38","modified_gmt":"2025-02-03T12:23:38","slug":"a-propos-de-nous","status":"publish","type":"page","link":"https:\/\/hanoverhouse.org\/ro\/a-propos-de-nous\/","title":{"rendered":"Despre noi"},"content":{"rendered":"<p>Bine a\u021bi venit la <strong>HanoverHouse<\/strong>, sursa ta de inspira\u021bie pentru un stil unic \u0219i asertiv. Explor\u0103m tendin\u021bele, revizit\u0103m clasicele \u0219i \u00eemp\u0103rt\u0103\u0219im sfaturi care s\u0103 te ajute s\u0103 creezi \u021binute care s\u0103 reflecte personalitatea \u0219i creativitatea ta.<\/p>\n<p><img loading=\"lazy\" decoding=\"async\" class=\"aligncenter wp-image-51 size-full\" src=\"https:\/\/hanoverhouse.org\/wp-content\/uploads\/2025\/02\/photo-new.jpg\" alt=\"\" width=\"612\" height=\"408\" srcset=\"https:\/\/hanoverhouse.org\/wp-content\/uploads\/2025\/02\/photo-new.jpg 612w, https:\/\/hanoverhouse.org\/wp-content\/uploads\/2025\/02\/photo-new-300x200.jpg 300w\" sizes=\"auto, (max-width: 612px) 100vw, 612px\" \/><\/p>\n<h2>Ce oferim<\/h2>\n<ul>\n<li><strong>Tendin\u021be actuale:<\/strong> Descoper\u0103 stilurile must-have ale fiec\u0103rui sezon.<\/li>\n<li><strong>Ghiduri de mod\u0103:<\/strong> Sfaturi practice pentru a combina elegant hainele.<\/li>\n<li><strong>Analiza icoanelor de stil:<\/strong> Inspira\u021bii de la cele mai mari nume din mod\u0103.<\/li>\n<li><strong>Etic\u0103 \u0219i sustenabilitate:<\/strong> Concentra\u021bi-v\u0103 pe mod\u0103 responsabil\u0103 \u0219i branduri dedicate.<\/li>\n<\/ul>\n<h2>De ce s\u0103 urm\u0103re\u0219ti HanoverHouse?<\/h2>\n<p>Moda este mult mai mult dec\u00e2t o simpl\u0103 alegere vestimentar\u0103, este o art\u0103 de a tr\u0103i. La <strong>HanoverHouse<\/strong>, te ajut\u0103m s\u0103-\u021bi exprimi stilul cu \u00eencredere, indiferent dac\u0103 e\u0219ti un fan al minimalismului \u0219ic sau al look-urilor \u00eendr\u0103zne\u021be.<\/p>","protected":false},"excerpt":{"rendered":"<p>Bienvenue sur HanoverHouse, votre source d\u2019inspiration pour un style unique et affirm\u00e9. Nous explorons les tendances, revisitons les classiques et partageons des conseils pour vous aider&#46;&#46;&#46;<\/p>","protected":false},"author":1,"featured_media":0,"parent":0,"menu_order":0,"comment_status":"closed","ping_status":"closed","template":"","meta":{"_acf_changed":false,"footnotes":""},"class_list":["post-50","page","type-page","status-publish","hentry"],"acf":[],"yoast_head":"<!-- This site is optimized with the Yoast SEO plugin v23.2 - https:\/\/yoast.com\/wordpress\/plugins\/seo\/ -->\n<title>A propos de nous - hanoverhouse.org<\/title>\n<meta name=\"description\" content=\"Plongez dans l&#039;univers de HanoverHouse, un blog d\u00e9di\u00e9 \u00e0 la mode et aux v\u00eatements. Inspirations, tendances et conseils styl\u00e9s.\" \/>\n<meta name=\"robots\" content=\"index, follow, max-snippet:-1, max-image-preview:large, max-video-preview:-1\" \/>\n<link rel=\"canonical\" href=\"https:\/\/hanoverhouse.org\/ro\/a-propos-de-nous\/\" \/>\n<meta property=\"og:locale\" content=\"ro_RO\" \/>\n<meta property=\"og:type\" content=\"article\" \/>\n<meta property=\"og:title\" content=\"A propos de nous - hanoverhouse.org\" \/>\n<meta property=\"og:description\" content=\"Plongez dans l&#039;univers de HanoverHouse, un blog d\u00e9di\u00e9 \u00e0 la mode et aux v\u00eatements. Inspirations, tendances et conseils styl\u00e9s.\" \/>\n<meta property=\"og:url\" content=\"https:\/\/hanoverhouse.org\/ro\/a-propos-de-nous\/\" \/>\n<meta property=\"og:site_name\" content=\"hanoverhouse.org\" \/>\n<meta property=\"article:modified_time\" content=\"2025-02-03T12:23:38+00:00\" \/>\n<meta property=\"og:image\" content=\"https:\/\/hanoverhouse.org\/wp-content\/uploads\/2025\/02\/photo-new.jpg\" \/>\n<meta name=\"twitter:card\" content=\"summary_large_image\" \/>\n<meta name=\"twitter:label1\" content=\"Timp estimat pentru citire\" \/>\n\t<meta name=\"twitter:data1\" content=\"1 minut\" \/>\n<script type=\"application\/ld+json\" class=\"yoast-schema-graph\">{\"@context\":\"https:\/\/schema.org\",\"@graph\":[{\"@type\":\"WebPage\",\"@id\":\"https:\/\/hanoverhouse.org\/a-propos-de-nous\/\",\"url\":\"https:\/\/hanoverhouse.org\/a-propos-de-nous\/\",\"name\":\"A propos de nous - hanoverhouse.org\",\"isPartOf\":{\"@id\":\"https:\/\/hanoverhouse.org\/#website\"},\"primaryImageOfPage\":{\"@id\":\"https:\/\/hanoverhouse.org\/a-propos-de-nous\/#primaryimage\"},\"image\":{\"@id\":\"https:\/\/hanoverhouse.org\/a-propos-de-nous\/#primaryimage\"},\"thumbnailUrl\":\"https:\/\/hanoverhouse.org\/wp-content\/uploads\/2025\/02\/photo-new.jpg\",\"datePublished\":\"2025-02-03T12:23:37+00:00\",\"dateModified\":\"2025-02-03T12:23:38+00:00\",\"description\":\"Plongez dans l'univers de HanoverHouse, un blog d\u00e9di\u00e9 \u00e0 la mode et aux v\u00eatements. Inspirations, tendances et conseils styl\u00e9s.\",\"breadcrumb\":{\"@id\":\"https:\/\/hanoverhouse.org\/a-propos-de-nous\/#breadcrumb\"},\"inLanguage\":\"ro-RO\",\"potentialAction\":[{\"@type\":\"ReadAction\",\"target\":[\"https:\/\/hanoverhouse.org\/a-propos-de-nous\/\"]}]},{\"@type\":\"ImageObject\",\"inLanguage\":\"ro-RO\",\"@id\":\"https:\/\/hanoverhouse.org\/a-propos-de-nous\/#primaryimage\",\"url\":\"https:\/\/hanoverhouse.org\/wp-content\/uploads\/2025\/02\/photo-new.jpg\",\"contentUrl\":\"https:\/\/hanoverhouse.org\/wp-content\/uploads\/2025\/02\/photo-new.jpg\"},{\"@type\":\"BreadcrumbList\",\"@id\":\"https:\/\/hanoverhouse.org\/a-propos-de-nous\/#breadcrumb\",\"itemListElement\":[{\"@type\":\"ListItem\",\"position\":1,\"name\":\"Home\",\"item\":\"https:\/\/hanoverhouse.org\/\"},{\"@type\":\"ListItem\",\"position\":2,\"name\":\"A propos de nous\"}]},{\"@type\":\"WebSite\",\"@id\":\"https:\/\/hanoverhouse.org\/#website\",\"url\":\"https:\/\/hanoverhouse.org\/\",\"name\":\"hanoverhouse.org\",\"description\":\"Explorez les derni\u00e8res tendances mode, conseils de style et inspirations pour chaque saison.\",\"potentialAction\":[{\"@type\":\"SearchAction\",\"target\":{\"@type\":\"EntryPoint\",\"urlTemplate\":\"https:\/\/hanoverhouse.org\/?s={search_term_string}\"},\"query-input\":\"required name=search_term_string\"}],\"inLanguage\":\"ro-RO\"}]}<\/script>\n<!-- \/ Yoast SEO plugin. -->","yoast_head_json":{"title":"A propos de nous - hanoverhouse.org","description":"Plongez dans l'univers de HanoverHouse, un blog d\u00e9di\u00e9 \u00e0 la mode et aux v\u00eatements. Inspirations, tendances et conseils styl\u00e9s.","robots":{"index":"index","follow":"follow","max-snippet":"max-snippet:-1","max-image-preview":"max-image-preview:large","max-video-preview":"max-video-preview:-1"},"canonical":"https:\/\/hanoverhouse.org\/ro\/a-propos-de-nous\/","og_locale":"ro_RO","og_type":"article","og_title":"A propos de nous - hanoverhouse.org","og_description":"Plongez dans l'univers de HanoverHouse, un blog d\u00e9di\u00e9 \u00e0 la mode et aux v\u00eatements. Inspirations, tendances et conseils styl\u00e9s.","og_url":"https:\/\/hanoverhouse.org\/ro\/a-propos-de-nous\/","og_site_name":"hanoverhouse.org","article_modified_time":"2025-02-03T12:23:38+00:00","og_image":[{"url":"https:\/\/hanoverhouse.org\/wp-content\/uploads\/2025\/02\/photo-new.jpg"}],"twitter_card":"summary_large_image","twitter_misc":{"Timp estimat pentru citire":"1 minut"},"schema":{"@context":"https:\/\/schema.org","@graph":[{"@type":"WebPage","@id":"https:\/\/hanoverhouse.org\/a-propos-de-nous\/","url":"https:\/\/hanoverhouse.org\/a-propos-de-nous\/","name":"A propos de nous - hanoverhouse.org","isPartOf":{"@id":"https:\/\/hanoverhouse.org\/#website"},"primaryImageOfPage":{"@id":"https:\/\/hanoverhouse.org\/a-propos-de-nous\/#primaryimage"},"image":{"@id":"https:\/\/hanoverhouse.org\/a-propos-de-nous\/#primaryimage"},"thumbnailUrl":"https:\/\/hanoverhouse.org\/wp-content\/uploads\/2025\/02\/photo-new.jpg","datePublished":"2025-02-03T12:23:37+00:00","dateModified":"2025-02-03T12:23:38+00:00","description":"Plongez dans l'univers de HanoverHouse, un blog d\u00e9di\u00e9 \u00e0 la mode et aux v\u00eatements. Inspirations, tendances et conseils styl\u00e9s.","breadcrumb":{"@id":"https:\/\/hanoverhouse.org\/a-propos-de-nous\/#breadcrumb"},"inLanguage":"ro-RO","potentialAction":[{"@type":"ReadAction","target":["https:\/\/hanoverhouse.org\/a-propos-de-nous\/"]}]},{"@type":"ImageObject","inLanguage":"ro-RO","@id":"https:\/\/hanoverhouse.org\/a-propos-de-nous\/#primaryimage","url":"https:\/\/hanoverhouse.org\/wp-content\/uploads\/2025\/02\/photo-new.jpg","contentUrl":"https:\/\/hanoverhouse.org\/wp-content\/uploads\/2025\/02\/photo-new.jpg"},{"@type":"BreadcrumbList","@id":"https:\/\/hanoverhouse.org\/a-propos-de-nous\/#breadcrumb","itemListElement":[{"@type":"ListItem","position":1,"name":"Home","item":"https:\/\/hanoverhouse.org\/"},{"@type":"ListItem","position":2,"name":"A propos de nous"}]},{"@type":"WebSite","@id":"https:\/\/hanoverhouse.org\/#website","url":"https:\/\/hanoverhouse.org\/","name":"hanoverhouse.org","description":"Explorez les derni\u00e8res tendances mode, conseils de style et inspirations pour chaque saison.","potentialAction":[{"@type":"SearchAction","target":{"@type":"EntryPoint","urlTemplate":"https:\/\/hanoverhouse.org\/?s={search_term_string}"},"query-input":"required name=search_term_string"}],"inLanguage":"ro-RO"}]}},"yoast_meta":{"yoast_wpseo_title":"","yoast_wpseo_metadesc":"","yoast_wpseo_canonical":"https:\/\/hanoverhouse.org\/ro\/wp-json\/wp\/v2\/pages\/50"},"_links":{"self":[{"href":"https:\/\/hanoverhouse.org\/ro\/wp-json\/wp\/v2\/pages\/50","targetHints":{"allow":["GET"]}}],"collection":[{"href":"https:\/\/hanoverhouse.org\/ro\/wp-json\/wp\/v2\/pages"}],"about":[{"href":"https:\/\/hanoverhouse.org\/ro\/wp-json\/wp\/v2\/types\/page"}],"author":[{"embeddable":true,"href":"https:\/\/hanoverhouse.org\/ro\/wp-json\/wp\/v2\/users\/1"}],"replies":[{"embeddable":true,"href":"https:\/\/hanoverhouse.org\/ro\/wp-json\/wp\/v2\/comments?post=50"}],"version-history":[{"count":1,"href":"https:\/\/hanoverhouse.org\/ro\/wp-json\/wp\/v2\/pages\/50\/revisions"}],"predecessor-version":[{"id":52,"href":"https:\/\/hanoverhouse.org\/ro\/wp-json\/wp\/v2\/pages\/50\/revisions\/52"}],"wp:attachment":[{"href":"https:\/\/hanoverhouse.org\/ro\/wp-json\/wp\/v2\/media?parent=50"}],"curies":[{"name":"wp","href":"https:\/\/api.w.org\/{rel}","templated":true}]}}